{"id":135,"date":"2025-09-22T17:10:32","date_gmt":"2025-09-22T17:10:32","guid":{"rendered":"https:\/\/jabiru.dk\/?page_id=135"},"modified":"2025-09-22T18:20:19","modified_gmt":"2025-09-22T18:20:19","slug":"bestemmelse-af-ethanol-i-mogas","status":"publish","type":"page","link":"https:\/\/jabiru.dk\/index.php\/bestemmelse-af-ethanol-i-mogas\/","title":{"rendered":"Bestemmelse af ethanol i Mogas"},"content":{"rendered":"\n<p>Hvis du vil vide mere omkring mogas med ethanol, kan ses i notatet&nbsp;&#8220;noget om ethanol i mogas&#8221;.&nbsp;Hvordan kan man simplet teste om der er ethanol i mogas, hvordan opf\u00f8rer ethanolholdigt mogas sammen med vand, og kan man ikke bare vaske ethanolen ud af mogas.. <\/p>\n\n\n\n<p>L\u00e6s notat p\u00e5 linket:\u00a0<a href=\"https:\/\/jabiru.dk\/wp-content\/uploads\/2025\/09\/ethanol-i-Mogas.pdf\">noget om ethanol i mogas<\/a><\/p>\n\n\n\n<p><\/p>\n","protected":false},"excerpt":{"rendered":"<p>Hvis du vil vide mere omkring mogas med ethanol, kan ses i notatet&nbsp;&#8220;noget om ethanol i mogas&#8221;.&nbsp;Hvordan kan man simplet teste om der er ethanol i mogas, hvordan opf\u00f8rer ethanolholdigt mogas sammen med vand, og kan man ikke bare vaske ethanolen ud af mogas.. L\u00e6s notat p\u00e5 linket:\u00a0noget om ethanol i mogas<\/p>\n","protected":false},"author":1,"featured_media":0,"parent":0,"menu_order":0,"comment_status":"closed","ping_status":"closed","template":"","meta":{"footnotes":""},"class_list":["post-135","page","type-page","status-publish","hentry"],"_links":{"self":[{"href":"https:\/\/jabiru.dk\/index.php\/wp-json\/wp\/v2\/pages\/135","targetHints":{"allow":["GET"]}}],"collection":[{"href":"https:\/\/jabiru.dk\/index.php\/wp-json\/wp\/v2\/pages"}],"about":[{"href":"https:\/\/jabiru.dk\/index.php\/wp-json\/wp\/v2\/types\/page"}],"author":[{"embeddable":true,"href":"https:\/\/jabiru.dk\/index.php\/wp-json\/wp\/v2\/users\/1"}],"replies":[{"embeddable":true,"href":"https:\/\/jabiru.dk\/index.php\/wp-json\/wp\/v2\/comments?post=135"}],"version-history":[{"count":2,"href":"https:\/\/jabiru.dk\/index.php\/wp-json\/wp\/v2\/pages\/135\/revisions"}],"predecessor-version":[{"id":157,"href":"https:\/\/jabiru.dk\/index.php\/wp-json\/wp\/v2\/pages\/135\/revisions\/157"}],"wp:attachment":[{"href":"https:\/\/jabiru.dk\/index.php\/wp-json\/wp\/v2\/media?parent=135"}],"curies":[{"name":"wp","href":"https:\/\/api.w.org\/{rel}","templated":true}]}}