{"id":158,"date":"2025-09-22T18:29:49","date_gmt":"2025-09-22T18:29:49","guid":{"rendered":"https:\/\/jabiru.dk\/?page_id=158"},"modified":"2025-09-22T18:34:38","modified_gmt":"2025-09-22T18:34:38","slug":"problemer-med-start-i-koldt-vejr","status":"publish","type":"page","link":"https:\/\/jabiru.dk\/index.php\/problemer-med-start-i-koldt-vejr\/","title":{"rendered":"Problemer med start i koldt vejr"},"content":{"rendered":"\n<p>Jabiru motoren kan i koldt vejr have vanskeligheder med at starte. Den lave temperatur g\u00f8r at startbatteriet har lavere startstr\u00f8m samtidig med at olien har h\u00f8j viskositet.<\/p>\n\n\n\n<p>Men f\u00f8lgende har vist sig at kunne afhj\u00e6lpe.<\/p>\n\n\n\n<p>Udbore chokerdyssen til \u00f81,1 mm. P\u00e5 billede vises med skruetr\u00e6kkeren hvor den er placeret, og kan nemt skues ud og udbores.<\/p>\n\n\n\n<figure class=\"wp-block-image size-large is-resized\"><img loading=\"lazy\" decoding=\"async\" width=\"768\" height=\"1024\" src=\"https:\/\/jabiru.dk\/wp-content\/uploads\/2025\/09\/20250922_200059-768x1024.jpg\" alt=\"\" class=\"wp-image-151\" style=\"width:404px;height:auto\" srcset=\"https:\/\/jabiru.dk\/wp-content\/uploads\/2025\/09\/20250922_200059-768x1024.jpg 768w, https:\/\/jabiru.dk\/wp-content\/uploads\/2025\/09\/20250922_200059-225x300.jpg 225w, https:\/\/jabiru.dk\/wp-content\/uploads\/2025\/09\/20250922_200059-1152x1536.jpg 1152w, https:\/\/jabiru.dk\/wp-content\/uploads\/2025\/09\/20250922_200059-1536x2048.jpg 1536w, https:\/\/jabiru.dk\/wp-content\/uploads\/2025\/09\/20250922_200059-scaled.jpg 1920w\" sizes=\"auto, (max-width: 768px) 100vw, 768px\" \/><\/figure>\n\n\n\n<p>Desuden skal t\u00e6ndr\u00f8rernes elektrodeafstand s\u00e6ttes til et minimum. Jeg plejer at s\u00e6tte den til 0,50-0,55 mm<\/p>\n\n\n\n<p><\/p>\n","protected":false},"excerpt":{"rendered":"<p>Jabiru motoren kan i koldt vejr have vanskeligheder med at starte. Den lave temperatur g\u00f8r at startbatteriet har lavere startstr\u00f8m samtidig med at olien har h\u00f8j viskositet. Men f\u00f8lgende har vist sig at kunne afhj\u00e6lpe. Udbore chokerdyssen til \u00f81,1 mm. P\u00e5 billede vises med skruetr\u00e6kkeren hvor den er placeret, og kan nemt skues ud og [&hellip;]<\/p>\n","protected":false},"author":1,"featured_media":0,"parent":0,"menu_order":0,"comment_status":"closed","ping_status":"closed","template":"","meta":{"footnotes":""},"class_list":["post-158","page","type-page","status-publish","hentry"],"_links":{"self":[{"href":"https:\/\/jabiru.dk\/index.php\/wp-json\/wp\/v2\/pages\/158","targetHints":{"allow":["GET"]}}],"collection":[{"href":"https:\/\/jabiru.dk\/index.php\/wp-json\/wp\/v2\/pages"}],"about":[{"href":"https:\/\/jabiru.dk\/index.php\/wp-json\/wp\/v2\/types\/page"}],"author":[{"embeddable":true,"href":"https:\/\/jabiru.dk\/index.php\/wp-json\/wp\/v2\/users\/1"}],"replies":[{"embeddable":true,"href":"https:\/\/jabiru.dk\/index.php\/wp-json\/wp\/v2\/comments?post=158"}],"version-history":[{"count":2,"href":"https:\/\/jabiru.dk\/index.php\/wp-json\/wp\/v2\/pages\/158\/revisions"}],"predecessor-version":[{"id":162,"href":"https:\/\/jabiru.dk\/index.php\/wp-json\/wp\/v2\/pages\/158\/revisions\/162"}],"wp:attachment":[{"href":"https:\/\/jabiru.dk\/index.php\/wp-json\/wp\/v2\/media?parent=158"}],"curies":[{"name":"wp","href":"https:\/\/api.w.org\/{rel}","templated":true}]}}