{"id":57,"date":"2025-09-22T08:01:23","date_gmt":"2025-09-22T08:01:23","guid":{"rendered":"https:\/\/jabiru.dk\/?page_id=57"},"modified":"2026-02-28T08:59:57","modified_gmt":"2026-02-28T08:59:57","slug":"erfa-jabiru","status":"publish","type":"page","link":"https:\/\/jabiru.dk\/index.php\/erfa-jabiru\/","title":{"rendered":"ERFA Jabiru"},"content":{"rendered":"\n<p>Her er samlet erfaringer fra danske Jabiru ejere. Hvis du ogs\u00e5 har noget du mener b\u00f8r med her, skal du endelig bare skrive.<\/p>\n\n\n\n<p>S\u00e5 her er kun hvad jeg har fundet specielt interessant for danske Jabiru ejere. <\/p>\n\n\n\n<div class=\"wp-block-columns is-layout-flex wp-container-core-columns-is-layout-28f84493 wp-block-columns-is-layout-flex\">\n<div class=\"wp-block-column is-layout-flow wp-block-column-is-layout-flow\">\n<p class=\"has-text-align-center\"><strong><a href=\"https:\/\/jabiru.dk\/index.php\/ethanol-i-jabiru-vingetanke\/\" data-type=\"page\" data-id=\"137\">Ethanol i Jabiru komposit tanke<\/a><\/strong><\/p>\n\n\n\n<p class=\"has-text-align-center\"><a href=\"https:\/\/jabiru.dk\/index.php\/bestemmelse-af-ethanol-i-mogas\/\" data-type=\"page\" data-id=\"135\">Bestemmelse af ethanol i Mogas<\/a><\/p>\n\n\n\n<p class=\"has-text-align-center\"><a href=\"https:\/\/jabiru.dk\/index.php\/problemer-med-start-i-koldt-vejr\/\" data-type=\"page\" data-id=\"158\">Start problemer i koldt vejr<\/a><\/p>\n<\/div>\n<\/div>\n\n\n\n<p><\/p>\n\n\n\n<p>Her er <strong><em>Service Bulletins fra Jabiru<\/em><\/strong>, som er v\u00e6rd at v\u00e6re opm\u00e6rksom p\u00e5. Der er for nuv\u00e6rende ingen Bulletins, der er gjort mandatory i Danmark.<\/p>\n\n\n\n<p class=\"has-text-align-center\"><a href=\"https:\/\/jabiru.dk\/wp-content\/uploads\/2025\/10\/JSB044-1-Jabiru_Control_Hinge_inspection.pdf\">H\u00e6ngsler p\u00e5 rorflader<\/a><\/p>\n\n\n\n<p class=\"has-text-align-center\"><a href=\"https:\/\/jabiru.dk\/wp-content\/uploads\/2025\/10\/JSB040-2-Jabiru_-Mechanical-Fuel-Pump.pdf\">Studs p\u00e5 benzinpumpe<\/a><\/p>\n\n\n\n<p>Og <strong><em>Service Letter fra Jabiru<\/em><\/strong>, som kun er til information. Men ganske interessant l\u00e6sning om hvad man skal v\u00e6re opm\u00e6rksom p\u00e5.<\/p>\n\n\n\n<p class=\"has-text-align-center\"><a href=\"https:\/\/jabiru.dk\/wp-content\/uploads\/2025\/10\/JSL007-7_Fuel_Guidance.pdf\">Mogas og andre forhold<\/a><\/p>\n\n\n\n<p><\/p>\n","protected":false},"excerpt":{"rendered":"<p>Her er samlet erfaringer fra danske Jabiru ejere. Hvis du ogs\u00e5 har noget du mener b\u00f8r med her, skal du endelig bare skrive. S\u00e5 her er kun hvad jeg har fundet specielt interessant for danske Jabiru ejere. Ethanol i Jabiru komposit tanke Bestemmelse af ethanol i Mogas Start problemer i koldt vejr Her er Service [&hellip;]<\/p>\n","protected":false},"author":1,"featured_media":0,"parent":0,"menu_order":0,"comment_status":"closed","ping_status":"closed","template":"","meta":{"footnotes":""},"class_list":["post-57","page","type-page","status-publish","hentry"],"_links":{"self":[{"href":"https:\/\/jabiru.dk\/index.php\/wp-json\/wp\/v2\/pages\/57","targetHints":{"allow":["GET"]}}],"collection":[{"href":"https:\/\/jabiru.dk\/index.php\/wp-json\/wp\/v2\/pages"}],"about":[{"href":"https:\/\/jabiru.dk\/index.php\/wp-json\/wp\/v2\/types\/page"}],"author":[{"embeddable":true,"href":"https:\/\/jabiru.dk\/index.php\/wp-json\/wp\/v2\/users\/1"}],"replies":[{"embeddable":true,"href":"https:\/\/jabiru.dk\/index.php\/wp-json\/wp\/v2\/comments?post=57"}],"version-history":[{"count":16,"href":"https:\/\/jabiru.dk\/index.php\/wp-json\/wp\/v2\/pages\/57\/revisions"}],"predecessor-version":[{"id":251,"href":"https:\/\/jabiru.dk\/index.php\/wp-json\/wp\/v2\/pages\/57\/revisions\/251"}],"wp:attachment":[{"href":"https:\/\/jabiru.dk\/index.php\/wp-json\/wp\/v2\/media?parent=57"}],"curies":[{"name":"wp","href":"https:\/\/api.w.org\/{rel}","templated":true}]}}